{"id":1637,"date":"2024-11-25T16:14:57","date_gmt":"2024-11-25T16:14:57","guid":{"rendered":"https:\/\/lovecollectionperfumes.com\/?page_id=1637"},"modified":"2024-11-26T21:58:13","modified_gmt":"2024-11-26T21:58:13","slug":"terms-and-conditions","status":"publish","type":"page","link":"https:\/\/lovecollectionperfumes.com\/pt\/terms-and-conditions\/","title":{"rendered":"Termos e Condi\u00e7\u00f5es"},"content":{"rendered":"<p>Ao navegar e comprar em nosso site, voc\u00ea concorda com nossos <a href=\"https:\/\/lovecollectionperfumes.com\/pt\/privacy-policy-2\/\" data-type=\"page\" data-id=\"3\">Privacy Policy.<\/a> Por favor, leia-os com aten\u00e7\u00e3o para compreender seus direitos e obriga\u00e7\u00f5es ao interagir com a LOVE Collection.<\/p><p><\/p>","protected":false},"excerpt":{"rendered":"<p>By browsing and shopping on our website, you agree to our Privacy Policy. Please read them carefully to understand your rights and obligations when engaging with LOVE Collection.<\/p>","protected":false},"author":1,"featured_media":0,"parent":0,"menu_order":0,"comment_status":"closed","ping_status":"closed","template":"","meta":{"_eb_attr":"","footnotes":""},"class_list":["post-1637","page","type-page","status-publish","hentry"],"jetpack_sharing_enabled":true,"_links":{"self":[{"href":"https:\/\/lovecollectionperfumes.com\/pt\/wp-json\/wp\/v2\/pages\/1637","targetHints":{"allow":["GET"]}}],"collection":[{"href":"https:\/\/lovecollectionperfumes.com\/pt\/wp-json\/wp\/v2\/pages"}],"about":[{"href":"https:\/\/lovecollectionperfumes.com\/pt\/wp-json\/wp\/v2\/types\/page"}],"author":[{"embeddable":true,"href":"https:\/\/lovecollectionperfumes.com\/pt\/wp-json\/wp\/v2\/users\/1"}],"replies":[{"embeddable":true,"href":"https:\/\/lovecollectionperfumes.com\/pt\/wp-json\/wp\/v2\/comments?post=1637"}],"version-history":[{"count":2,"href":"https:\/\/lovecollectionperfumes.com\/pt\/wp-json\/wp\/v2\/pages\/1637\/revisions"}],"predecessor-version":[{"id":1639,"href":"https:\/\/lovecollectionperfumes.com\/pt\/wp-json\/wp\/v2\/pages\/1637\/revisions\/1639"}],"wp:attachment":[{"href":"https:\/\/lovecollectionperfumes.com\/pt\/wp-json\/wp\/v2\/media?parent=1637"}],"curies":[{"name":"wp","href":"https:\/\/api.w.org\/{rel}","templated":true}]}}