{"id":1640,"date":"2024-11-25T16:17:31","date_gmt":"2024-11-25T16:17:31","guid":{"rendered":"https:\/\/lovecollectionperfumes.com\/?page_id=1640"},"modified":"2024-11-26T21:58:13","modified_gmt":"2024-11-26T21:58:13","slug":"our-policies","status":"publish","type":"page","link":"https:\/\/lovecollectionperfumes.com\/pt\/our-policies\/","title":{"rendered":"Nossas Pol\u00edticas"},"content":{"rendered":"<p>Na LOVE Collection priorizamos a transpar\u00eancia e o respeito aos nossos clientes. Revise nossas pol\u00edticas de envio, devolu\u00e7\u00e3o e garantia para entender melhor como melhoramos sua experi\u00eancia de compra.<\/p><p><\/p>","protected":false},"excerpt":{"rendered":"<p>Na LOVE Collection priorizamos a transpar\u00eancia e o respeito aos nossos clientes. Revise nossas pol\u00edticas de envio, devolu\u00e7\u00e3o e garantia para entender melhor como melhoramos sua experi\u00eancia de compra.<\/p>","protected":false},"author":1,"featured_media":0,"parent":0,"menu_order":0,"comment_status":"closed","ping_status":"closed","template":"","meta":{"_eb_attr":"","footnotes":""},"class_list":["post-1640","page","type-page","status-publish","hentry"],"jetpack_sharing_enabled":true,"_links":{"self":[{"href":"https:\/\/lovecollectionperfumes.com\/pt\/wp-json\/wp\/v2\/pages\/1640","targetHints":{"allow":["GET"]}}],"collection":[{"href":"https:\/\/lovecollectionperfumes.com\/pt\/wp-json\/wp\/v2\/pages"}],"about":[{"href":"https:\/\/lovecollectionperfumes.com\/pt\/wp-json\/wp\/v2\/types\/page"}],"author":[{"embeddable":true,"href":"https:\/\/lovecollectionperfumes.com\/pt\/wp-json\/wp\/v2\/users\/1"}],"replies":[{"embeddable":true,"href":"https:\/\/lovecollectionperfumes.com\/pt\/wp-json\/wp\/v2\/comments?post=1640"}],"version-history":[{"count":2,"href":"https:\/\/lovecollectionperfumes.com\/pt\/wp-json\/wp\/v2\/pages\/1640\/revisions"}],"predecessor-version":[{"id":1642,"href":"https:\/\/lovecollectionperfumes.com\/pt\/wp-json\/wp\/v2\/pages\/1640\/revisions\/1642"}],"wp:attachment":[{"href":"https:\/\/lovecollectionperfumes.com\/pt\/wp-json\/wp\/v2\/media?parent=1640"}],"curies":[{"name":"wp","href":"https:\/\/api.w.org\/{rel}","templated":true}]}}