{"id":1645,"date":"2024-11-25T16:30:17","date_gmt":"2024-11-25T16:30:17","guid":{"rendered":"https:\/\/lovecollectionperfumes.com\/?page_id=1645"},"modified":"2024-11-26T21:58:13","modified_gmt":"2024-11-26T21:58:13","slug":"promotions","status":"publish","type":"page","link":"https:\/\/lovecollectionperfumes.com\/pt\/promotions\/","title":{"rendered":"Promo\u00e7\u00f5es"},"content":{"rendered":"<p>Fique ligado em nossas promo\u00e7\u00f5es exclusivas! Por enquanto, as compras podem ser feitas atrav\u00e9s de parceiros oficiais, mas em breve voc\u00ea poder\u00e1 aproveitar as ofertas diretamente em nosso site. Contate-nos para mais informa\u00e7\u00f5es.<\/p><p><\/p>","protected":false},"excerpt":{"rendered":"<p>Fique ligado em nossas promo\u00e7\u00f5es exclusivas! Por enquanto, as compras podem ser feitas atrav\u00e9s de parceiros oficiais, mas em breve voc\u00ea poder\u00e1 aproveitar as ofertas diretamente em nosso site. Contate-nos para mais informa\u00e7\u00f5es.<\/p>","protected":false},"author":1,"featured_media":0,"parent":0,"menu_order":0,"comment_status":"closed","ping_status":"closed","template":"","meta":{"_eb_attr":"","footnotes":""},"class_list":["post-1645","page","type-page","status-publish","hentry"],"jetpack_sharing_enabled":true,"_links":{"self":[{"href":"https:\/\/lovecollectionperfumes.com\/pt\/wp-json\/wp\/v2\/pages\/1645","targetHints":{"allow":["GET"]}}],"collection":[{"href":"https:\/\/lovecollectionperfumes.com\/pt\/wp-json\/wp\/v2\/pages"}],"about":[{"href":"https:\/\/lovecollectionperfumes.com\/pt\/wp-json\/wp\/v2\/types\/page"}],"author":[{"embeddable":true,"href":"https:\/\/lovecollectionperfumes.com\/pt\/wp-json\/wp\/v2\/users\/1"}],"replies":[{"embeddable":true,"href":"https:\/\/lovecollectionperfumes.com\/pt\/wp-json\/wp\/v2\/comments?post=1645"}],"version-history":[{"count":2,"href":"https:\/\/lovecollectionperfumes.com\/pt\/wp-json\/wp\/v2\/pages\/1645\/revisions"}],"predecessor-version":[{"id":1647,"href":"https:\/\/lovecollectionperfumes.com\/pt\/wp-json\/wp\/v2\/pages\/1645\/revisions\/1647"}],"wp:attachment":[{"href":"https:\/\/lovecollectionperfumes.com\/pt\/wp-json\/wp\/v2\/media?parent=1645"}],"curies":[{"name":"wp","href":"https:\/\/api.w.org\/{rel}","templated":true}]}}