{"id":1648,"date":"2024-11-25T16:31:33","date_gmt":"2024-11-25T16:31:33","guid":{"rendered":"https:\/\/lovecollectionperfumes.com\/?page_id=1648"},"modified":"2024-11-26T21:58:13","modified_gmt":"2024-11-26T21:58:13","slug":"where-to-buy","status":"publish","type":"page","link":"https:\/\/lovecollectionperfumes.com\/pt\/where-to-buy\/","title":{"rendered":"Onde comprar"},"content":{"rendered":"<p>As fragr\u00e2ncias LOVE Collection est\u00e3o dispon\u00edveis para compra atrav\u00e9s de nossos parceiros oficiais. As compras online estar\u00e3o dispon\u00edveis em breve. Para saber onde adquirir nossos produtos, entre em contato com nossa equipe e descubra o parceiro mais pr\u00f3ximo de voc\u00ea.<\/p><p><\/p>","protected":false},"excerpt":{"rendered":"<p>As fragr\u00e2ncias LOVE Collection est\u00e3o dispon\u00edveis para compra atrav\u00e9s de nossos parceiros oficiais. As compras online estar\u00e3o dispon\u00edveis em breve. Para saber onde adquirir nossos produtos, entre em contato com nossa equipe e descubra o parceiro mais pr\u00f3ximo de voc\u00ea.<\/p>","protected":false},"author":1,"featured_media":0,"parent":0,"menu_order":0,"comment_status":"closed","ping_status":"closed","template":"","meta":{"_eb_attr":"","footnotes":""},"class_list":["post-1648","page","type-page","status-publish","hentry"],"jetpack_sharing_enabled":true,"_links":{"self":[{"href":"https:\/\/lovecollectionperfumes.com\/pt\/wp-json\/wp\/v2\/pages\/1648","targetHints":{"allow":["GET"]}}],"collection":[{"href":"https:\/\/lovecollectionperfumes.com\/pt\/wp-json\/wp\/v2\/pages"}],"about":[{"href":"https:\/\/lovecollectionperfumes.com\/pt\/wp-json\/wp\/v2\/types\/page"}],"author":[{"embeddable":true,"href":"https:\/\/lovecollectionperfumes.com\/pt\/wp-json\/wp\/v2\/users\/1"}],"replies":[{"embeddable":true,"href":"https:\/\/lovecollectionperfumes.com\/pt\/wp-json\/wp\/v2\/comments?post=1648"}],"version-history":[{"count":2,"href":"https:\/\/lovecollectionperfumes.com\/pt\/wp-json\/wp\/v2\/pages\/1648\/revisions"}],"predecessor-version":[{"id":1650,"href":"https:\/\/lovecollectionperfumes.com\/pt\/wp-json\/wp\/v2\/pages\/1648\/revisions\/1650"}],"wp:attachment":[{"href":"https:\/\/lovecollectionperfumes.com\/pt\/wp-json\/wp\/v2\/media?parent=1648"}],"curies":[{"name":"wp","href":"https:\/\/api.w.org\/{rel}","templated":true}]}}