{"id":1651,"date":"2024-11-25T16:32:41","date_gmt":"2024-11-25T16:32:41","guid":{"rendered":"https:\/\/lovecollectionperfumes.com\/?page_id=1651"},"modified":"2024-11-26T21:58:13","modified_gmt":"2024-11-26T21:58:13","slug":"how-to-buy","status":"publish","type":"page","link":"https:\/\/lovecollectionperfumes.com\/pt\/how-to-buy\/","title":{"rendered":"Como comprar"},"content":{"rendered":"<p>Atualmente, nosso site funciona como vitrine de nossas fragr\u00e2ncias exclusivas. As compras online estar\u00e3o dispon\u00edveis em breve. Enquanto isso, voc\u00ea pode adquirir nossos produtos atrav\u00e9s de parceiros oficiais. Entre em contato com nossa equipe para saber mais.<\/p><p><\/p>","protected":false},"excerpt":{"rendered":"<p>Atualmente, nosso site funciona como vitrine de nossas fragr\u00e2ncias exclusivas. As compras online estar\u00e3o dispon\u00edveis em breve. Enquanto isso, voc\u00ea pode adquirir nossos produtos atrav\u00e9s de parceiros oficiais. Entre em contato com nossa equipe para saber mais.<\/p>","protected":false},"author":1,"featured_media":0,"parent":0,"menu_order":0,"comment_status":"closed","ping_status":"closed","template":"","meta":{"_eb_attr":"","footnotes":""},"class_list":["post-1651","page","type-page","status-publish","hentry"],"jetpack_sharing_enabled":true,"_links":{"self":[{"href":"https:\/\/lovecollectionperfumes.com\/pt\/wp-json\/wp\/v2\/pages\/1651","targetHints":{"allow":["GET"]}}],"collection":[{"href":"https:\/\/lovecollectionperfumes.com\/pt\/wp-json\/wp\/v2\/pages"}],"about":[{"href":"https:\/\/lovecollectionperfumes.com\/pt\/wp-json\/wp\/v2\/types\/page"}],"author":[{"embeddable":true,"href":"https:\/\/lovecollectionperfumes.com\/pt\/wp-json\/wp\/v2\/users\/1"}],"replies":[{"embeddable":true,"href":"https:\/\/lovecollectionperfumes.com\/pt\/wp-json\/wp\/v2\/comments?post=1651"}],"version-history":[{"count":2,"href":"https:\/\/lovecollectionperfumes.com\/pt\/wp-json\/wp\/v2\/pages\/1651\/revisions"}],"predecessor-version":[{"id":1653,"href":"https:\/\/lovecollectionperfumes.com\/pt\/wp-json\/wp\/v2\/pages\/1651\/revisions\/1653"}],"wp:attachment":[{"href":"https:\/\/lovecollectionperfumes.com\/pt\/wp-json\/wp\/v2\/media?parent=1651"}],"curies":[{"name":"wp","href":"https:\/\/api.w.org\/{rel}","templated":true}]}}