{"id":551,"date":"2023-05-10T20:59:23","date_gmt":"2023-05-10T20:59:23","guid":{"rendered":"https:\/\/organicthemes.com\/demo\/chrono\/?page_id=3"},"modified":"2024-11-26T21:58:12","modified_gmt":"2024-11-26T21:58:12","slug":"faq","status":"publish","type":"page","link":"https:\/\/lovecollectionperfumes.com\/pt\/faq\/","title":{"rendered":"FAQ"},"content":{"rendered":"<h2 class=\"wp-block-heading\">Perguntas frequentes<\/h2><p>Bem-vindo \u00e0 nossa p\u00e1gina de perguntas frequentes. Aqui voc\u00ea encontrar\u00e1 respostas para as d\u00favidas mais comuns sobre nossos produtos, compras e servi\u00e7os. Se voc\u00ea n\u00e3o encontrar a informa\u00e7\u00e3o que procura, nossa equipe est\u00e1 aqui para ajud\u00e1-lo.<\/p><p><\/p>","protected":false},"excerpt":{"rendered":"<p>Frequently Asked Questions Welcome to our FAQ page. Here, you&#8217;ll find answers to the most common questions about our products, purchases, and services. If you don\u2019t find the information you\u2019re looking for, our team is here to assist you.<\/p>","protected":false},"author":1,"featured_media":0,"parent":0,"menu_order":0,"comment_status":"closed","ping_status":"closed","template":"","meta":{"_eb_attr":"","footnotes":""},"class_list":["post-551","page","type-page","status-publish","hentry"],"jetpack_sharing_enabled":true,"_links":{"self":[{"href":"https:\/\/lovecollectionperfumes.com\/pt\/wp-json\/wp\/v2\/pages\/551","targetHints":{"allow":["GET"]}}],"collection":[{"href":"https:\/\/lovecollectionperfumes.com\/pt\/wp-json\/wp\/v2\/pages"}],"about":[{"href":"https:\/\/lovecollectionperfumes.com\/pt\/wp-json\/wp\/v2\/types\/page"}],"author":[{"embeddable":true,"href":"https:\/\/lovecollectionperfumes.com\/pt\/wp-json\/wp\/v2\/users\/1"}],"replies":[{"embeddable":true,"href":"https:\/\/lovecollectionperfumes.com\/pt\/wp-json\/wp\/v2\/comments?post=551"}],"version-history":[{"count":2,"href":"https:\/\/lovecollectionperfumes.com\/pt\/wp-json\/wp\/v2\/pages\/551\/revisions"}],"predecessor-version":[{"id":1634,"href":"https:\/\/lovecollectionperfumes.com\/pt\/wp-json\/wp\/v2\/pages\/551\/revisions\/1634"}],"wp:attachment":[{"href":"https:\/\/lovecollectionperfumes.com\/pt\/wp-json\/wp\/v2\/media?parent=551"}],"curies":[{"name":"wp","href":"https:\/\/api.w.org\/{rel}","templated":true}]}}