{"id":8089,"date":"2025-11-17T15:04:27","date_gmt":"2025-11-17T15:04:27","guid":{"rendered":"https:\/\/lovecollectionperfumes.com\/?post_type=product&#038;p=8089"},"modified":"2025-12-01T10:59:06","modified_gmt":"2025-12-01T10:59:06","slug":"perfume-love-collection-n-151","status":"publish","type":"product","link":"https:\/\/lovecollectionperfumes.com\/pt\/produtos\/perfume-love-collection-n-151\/","title":{"rendered":"151"},"content":{"rendered":"<p><strong>Perfume 151 \u2013 LOVE Collection<\/strong><\/p>\n<p>Uma fragr\u00e2ncia que personifica a liberdade em sua forma mais elegante. <strong>151<\/strong> reflete a dualidade entre for\u00e7a e delicadeza, revelando uma ess\u00eancia ousada, sofisticada e infinitamente feminina.<br \/>\nCom um car\u00e1ter luminoso e envolvente, este perfume desperta uma sensa\u00e7\u00e3o de poder serena \u2014 livre de r\u00f3tulos, guiada apenas pela confian\u00e7a e pela autenticidade de quem o usa.<br \/>\n<strong>151<\/strong> \u00e9 um manifesto de liberdade, uma homenagem \u00e0 mulher moderna que brilha com naturalidade e vive intensamente o prazer de ser quem \u00e9.<\/p>\n<p>&nbsp;<\/p>\n<p><strong>Notas Olfativas<\/strong><\/p>\n<ul>\n<li><strong>Notas de Sa\u00edda:<\/strong> Ruibarbo, Lichia, Ess\u00eancia de Bergamota.<br \/>\n\u2022 <strong>Notas de cora\u00e7\u00e3o:<\/strong> Rosa Damascena, Baunilha.<br \/>\n\u2022 <strong>Notas de fundo:<\/strong> Cashmeran, Alm\u00edscar, Vetiver.<\/li>\n<\/ul>\n<p>&nbsp;<\/p>\n<p><strong>Tamanho<\/strong> 25mL<br \/>\n<strong>Inspira\u00e7\u00e3o:<\/strong> Delina<\/p>","protected":false},"excerpt":{"rendered":"<p>Um buqu\u00ea floral envolvente<\/p>","protected":false},"featured_media":8353,"comment_status":"open","ping_status":"closed","template":"","meta":{"_eb_attr":""},"product_cat":[43,42],"product_tag":[],"class_list":{"0":"post-8089","1":"product","2":"type-product","3":"status-publish","4":"has-post-thumbnail","6":"product_cat-for-her","7":"product_cat-parfum","9":"first","10":"instock","11":"shipping-taxable","12":"product-type-simple","13":"add-to-wishlist-after_add_to_cart"},"jetpack_sharing_enabled":true,"_links":{"self":[{"href":"https:\/\/lovecollectionperfumes.com\/pt\/wp-json\/wp\/v2\/product\/8089","targetHints":{"allow":["GET"]}}],"collection":[{"href":"https:\/\/lovecollectionperfumes.com\/pt\/wp-json\/wp\/v2\/product"}],"about":[{"href":"https:\/\/lovecollectionperfumes.com\/pt\/wp-json\/wp\/v2\/types\/product"}],"replies":[{"embeddable":true,"href":"https:\/\/lovecollectionperfumes.com\/pt\/wp-json\/wp\/v2\/comments?post=8089"}],"wp:featuredmedia":[{"embeddable":true,"href":"https:\/\/lovecollectionperfumes.com\/pt\/wp-json\/wp\/v2\/media\/8353"}],"wp:attachment":[{"href":"https:\/\/lovecollectionperfumes.com\/pt\/wp-json\/wp\/v2\/media?parent=8089"}],"wp:term":[{"taxonomy":"product_cat","embeddable":true,"href":"https:\/\/lovecollectionperfumes.com\/pt\/wp-json\/wp\/v2\/product_cat?post=8089"},{"taxonomy":"product_tag","embeddable":true,"href":"https:\/\/lovecollectionperfumes.com\/pt\/wp-json\/wp\/v2\/product_tag?post=8089"}],"curies":[{"name":"wp","href":"https:\/\/api.w.org\/{rel}","templated":true}]}}