{"id":8096,"date":"2025-11-17T15:12:20","date_gmt":"2025-11-17T15:12:20","guid":{"rendered":"https:\/\/lovecollectionperfumes.com\/?post_type=product&#038;p=8096"},"modified":"2025-12-01T10:58:25","modified_gmt":"2025-12-01T10:58:25","slug":"perfume-love-collection-n-159","status":"publish","type":"product","link":"https:\/\/lovecollectionperfumes.com\/pt\/produtos\/perfume-love-collection-n-159\/","title":{"rendered":"159"},"content":{"rendered":"<p><strong>Perfume 159 \u2013 LOVE Collection<\/strong><\/p>\n<p>Hoje, a liberdade tem uma fragr\u00e2ncia ic\u00f4nica. <strong>159<\/strong>da cole\u00e7\u00e3o LOVE \u00e9 a primeira lavanda floral, cuja ess\u00eancia elegante \u00e9 constru\u00edda sobre contrastes ousados. Entre o sexy e o descolado.<br \/>\n\u00c9 uma fragr\u00e2ncia que traduz liberdade e sofistica\u00e7\u00e3o. O frescor da lavanda e da mandarina se une \u00e0 delicadeza da flor de laranjeira e do jasmim, enquanto a baunilha de Madagascar e o \u00e2mbar revelam um rastro envolvente e inesquec\u00edvel.<br \/>\nIdeal para quem quer ousar e ser notada pela exuber\u00e2ncia da liberdade de ser quem \u00e9.<br \/>\nUse essa fragr\u00e2ncia ic\u00f4nica durante o inverno, outono e primavera, tanto de dia quanto \u00e0 noite.<\/p>\n<p>&nbsp;<\/p>\n<p><strong>Notas Olfativas<\/strong><\/p>\n<ul>\n<li><strong>Notas de Sa\u00edda:<\/strong> Lavanda, mandarina, groselha preta e petitgrain<br \/>\n\u2022 <strong>Notas de cora\u00e7\u00e3o:<\/strong> Lavanda, flor de laranjeira e jasmim<br \/>\n\u2022 <strong>Notas de fundo:<\/strong> Baunilha de Madagascar, alm\u00edscar, cedro e \u00e2mbar cinza<\/li>\n<\/ul>\n<p>&nbsp;<\/p>\n<p><strong>Tamanho<\/strong> 25mL<br \/>\n<strong>Inspira\u00e7\u00e3o:<\/strong> Libre<\/p>\n<p>&nbsp;<\/p>","protected":false},"excerpt":{"rendered":"<p>Um perfume oriental foug\u00e8re. A ess\u00eancia da mulher livre, que vive com intensidade e coragem em cada instante.<\/p>","protected":false},"featured_media":8352,"comment_status":"open","ping_status":"closed","template":"","meta":{"_eb_attr":""},"product_cat":[43,42],"product_tag":[],"class_list":{"0":"post-8096","1":"product","2":"type-product","3":"status-publish","4":"has-post-thumbnail","6":"product_cat-for-her","7":"product_cat-parfum","9":"first","10":"instock","11":"shipping-taxable","12":"product-type-simple","13":"add-to-wishlist-after_add_to_cart"},"jetpack_sharing_enabled":true,"_links":{"self":[{"href":"https:\/\/lovecollectionperfumes.com\/pt\/wp-json\/wp\/v2\/product\/8096","targetHints":{"allow":["GET"]}}],"collection":[{"href":"https:\/\/lovecollectionperfumes.com\/pt\/wp-json\/wp\/v2\/product"}],"about":[{"href":"https:\/\/lovecollectionperfumes.com\/pt\/wp-json\/wp\/v2\/types\/product"}],"replies":[{"embeddable":true,"href":"https:\/\/lovecollectionperfumes.com\/pt\/wp-json\/wp\/v2\/comments?post=8096"}],"wp:featuredmedia":[{"embeddable":true,"href":"https:\/\/lovecollectionperfumes.com\/pt\/wp-json\/wp\/v2\/media\/8352"}],"wp:attachment":[{"href":"https:\/\/lovecollectionperfumes.com\/pt\/wp-json\/wp\/v2\/media?parent=8096"}],"wp:term":[{"taxonomy":"product_cat","embeddable":true,"href":"https:\/\/lovecollectionperfumes.com\/pt\/wp-json\/wp\/v2\/product_cat?post=8096"},{"taxonomy":"product_tag","embeddable":true,"href":"https:\/\/lovecollectionperfumes.com\/pt\/wp-json\/wp\/v2\/product_tag?post=8096"}],"curies":[{"name":"wp","href":"https:\/\/api.w.org\/{rel}","templated":true}]}}