{"id":8099,"date":"2025-11-17T16:25:55","date_gmt":"2025-11-17T16:25:55","guid":{"rendered":"https:\/\/lovecollectionperfumes.com\/?post_type=product&#038;p=8099"},"modified":"2025-12-01T10:56:54","modified_gmt":"2025-12-01T10:56:54","slug":"1022","status":"publish","type":"product","link":"https:\/\/lovecollectionperfumes.com\/pt\/produtos\/1022\/","title":{"rendered":"1022"},"content":{"rendered":"<p><strong>Perfume 1022 \u2013 LOVE Collection<\/strong><\/p>\n<p>Doce, sedutor e irresistivelmente envolvente. O <strong>1022<\/strong> \u00e9 uma fragr\u00e2ncia que desperta o desejo e traduz o prazer em forma de aroma. Sua do\u00e7ura gourmand \u00e9 refinada e elegante, equilibrando sensualidade e delicadeza com maestria.<br \/>\nCada acorde revela uma sensa\u00e7\u00e3o de conforto e intimidade, como um toque suave sobre a pele. A fragr\u00e2ncia evolui em calor e profundidade, envolvendo quem a usa em uma aura de ternura e provoca\u00e7\u00e3o.<br \/>\n<strong>1022<\/strong> \u00e9 um convite \u00e0 tenta\u00e7\u00e3o, uma experi\u00eancia olfativa feita para ser saboreada, lembrada e desejada.<\/p>\n<p><strong>Notas Olfativas<\/strong><\/p>\n<ul>\n<li><strong>Notas de Sa\u00edda:<\/strong> N\u00e9roli, bergamota, pimenta-rosa e coentro<br \/>\n\u2022 <strong>Notas de cora\u00e7\u00e3o:<\/strong> Flor de laranjeira, madressilva, jasmim, \u00edris, marshmallow e rosa<br \/>\n\u2022 <strong>Notas de fundo:<\/strong> A\u00e7\u00facar, baunilha, caramelo, alm\u00edscar, civeta e l\u00e1dano<\/li>\n<\/ul>\n<p><strong>Tamanho<\/strong> 25mL<br \/>\n<strong>Inspira\u00e7\u00e3o:<\/strong> Love, Don\u2019t Be Shy<\/p>","protected":false},"excerpt":{"rendered":"<p>Exaltante, inesquec\u00edvel, te conquista logo na primeira borrifada com a ternura do absoluto de flor de laranjeira.<\/p>","protected":false},"featured_media":8349,"comment_status":"open","ping_status":"closed","template":"","meta":{"_eb_attr":""},"product_cat":[43,42],"product_tag":[],"class_list":{"0":"post-8099","1":"product","2":"type-product","3":"status-publish","4":"has-post-thumbnail","6":"product_cat-for-her","7":"product_cat-parfum","9":"first","10":"instock","11":"shipping-taxable","12":"product-type-simple","13":"add-to-wishlist-after_add_to_cart"},"jetpack_sharing_enabled":true,"_links":{"self":[{"href":"https:\/\/lovecollectionperfumes.com\/pt\/wp-json\/wp\/v2\/product\/8099","targetHints":{"allow":["GET"]}}],"collection":[{"href":"https:\/\/lovecollectionperfumes.com\/pt\/wp-json\/wp\/v2\/product"}],"about":[{"href":"https:\/\/lovecollectionperfumes.com\/pt\/wp-json\/wp\/v2\/types\/product"}],"replies":[{"embeddable":true,"href":"https:\/\/lovecollectionperfumes.com\/pt\/wp-json\/wp\/v2\/comments?post=8099"}],"wp:featuredmedia":[{"embeddable":true,"href":"https:\/\/lovecollectionperfumes.com\/pt\/wp-json\/wp\/v2\/media\/8349"}],"wp:attachment":[{"href":"https:\/\/lovecollectionperfumes.com\/pt\/wp-json\/wp\/v2\/media?parent=8099"}],"wp:term":[{"taxonomy":"product_cat","embeddable":true,"href":"https:\/\/lovecollectionperfumes.com\/pt\/wp-json\/wp\/v2\/product_cat?post=8099"},{"taxonomy":"product_tag","embeddable":true,"href":"https:\/\/lovecollectionperfumes.com\/pt\/wp-json\/wp\/v2\/product_tag?post=8099"}],"curies":[{"name":"wp","href":"https:\/\/api.w.org\/{rel}","templated":true}]}}