{"id":8548,"date":"2025-12-16T13:56:17","date_gmt":"2025-12-16T13:56:17","guid":{"rendered":"https:\/\/lovecollectionperfumes.com\/?post_type=product&#038;p=8548"},"modified":"2025-12-16T13:56:18","modified_gmt":"2025-12-16T13:56:18","slug":"367","status":"publish","type":"product","link":"https:\/\/lovecollectionperfumes.com\/pt\/produtos\/367\/","title":{"rendered":"367"},"content":{"rendered":"<p><strong>Perfume 367 \u2013 LOVE Collection<\/strong><\/p>\n<p>Elegante, luminoso e extremamente refinado, o 367 traduz uma feminilidade moderna e sofisticada. Sua composi\u00e7\u00e3o revela um frescor limpo e delicado, equilibrado por notas florais suaves e um fundo confort\u00e1vel e envolvente.<\/p>\n<p>\u00c9 uma fragr\u00e2ncia que transmite sensa\u00e7\u00e3o de pele limpa, leveza e classe, perfeita para quem aprecia perfumes discretos, mas com presen\u00e7a marcante.<\/p>\n<p>&nbsp;<\/p>\n<p><strong>Notas Olfativas<\/strong><\/p>\n<ul>\n<li><strong>Notas de Sa\u00edda:<\/strong> Bergamota, Mandarina<\/li>\n<li><strong>Notas de cora\u00e7\u00e3o:<\/strong> Flor de Laranjeira, Flores Brancas<\/li>\n<li><strong>Notas de fundo:<\/strong> Alm\u00edscar, Madeiras Suaves, Ambroxan<\/li>\n<\/ul>\n<p>&nbsp;<\/p>\n<p><strong>Tamanho <\/strong>20ml<br \/>\n<strong>Inspira\u00e7\u00e3o:<\/strong> Valaya \u2013 Parfums de Marly<\/p>","protected":false},"excerpt":{"rendered":"<p>Ideal para o dia a dia, ambientes profissionais e ocasi\u00f5es que pedem eleg\u00e2ncia discreta.<\/p>","protected":false},"featured_media":8549,"comment_status":"open","ping_status":"closed","template":"","meta":{"_eb_attr":""},"product_cat":[43,42,61],"product_tag":[],"class_list":{"0":"post-8548","1":"product","2":"type-product","3":"status-publish","4":"has-post-thumbnail","6":"product_cat-for-her","7":"product_cat-parfum","8":"product_cat-petit-line","10":"first","11":"instock","12":"shipping-taxable","13":"product-type-simple","14":"add-to-wishlist-after_add_to_cart"},"jetpack_sharing_enabled":true,"_links":{"self":[{"href":"https:\/\/lovecollectionperfumes.com\/pt\/wp-json\/wp\/v2\/product\/8548","targetHints":{"allow":["GET"]}}],"collection":[{"href":"https:\/\/lovecollectionperfumes.com\/pt\/wp-json\/wp\/v2\/product"}],"about":[{"href":"https:\/\/lovecollectionperfumes.com\/pt\/wp-json\/wp\/v2\/types\/product"}],"replies":[{"embeddable":true,"href":"https:\/\/lovecollectionperfumes.com\/pt\/wp-json\/wp\/v2\/comments?post=8548"}],"wp:featuredmedia":[{"embeddable":true,"href":"https:\/\/lovecollectionperfumes.com\/pt\/wp-json\/wp\/v2\/media\/8549"}],"wp:attachment":[{"href":"https:\/\/lovecollectionperfumes.com\/pt\/wp-json\/wp\/v2\/media?parent=8548"}],"wp:term":[{"taxonomy":"product_cat","embeddable":true,"href":"https:\/\/lovecollectionperfumes.com\/pt\/wp-json\/wp\/v2\/product_cat?post=8548"},{"taxonomy":"product_tag","embeddable":true,"href":"https:\/\/lovecollectionperfumes.com\/pt\/wp-json\/wp\/v2\/product_tag?post=8548"}],"curies":[{"name":"wp","href":"https:\/\/api.w.org\/{rel}","templated":true}]}}