{"id":8551,"date":"2025-12-16T14:04:15","date_gmt":"2025-12-16T14:04:15","guid":{"rendered":"https:\/\/lovecollectionperfumes.com\/?post_type=product&#038;p=8551"},"modified":"2025-12-16T14:04:44","modified_gmt":"2025-12-16T14:04:44","slug":"346","status":"publish","type":"product","link":"https:\/\/lovecollectionperfumes.com\/pt\/produtos\/346\/","title":{"rendered":"346"},"content":{"rendered":"<p><strong>Perfume 346 \u2013 LOVE Collection<\/strong><\/p>\n<p>Intenso, elegante e envolvente, o 346 combina frescor arom\u00e1tico com um fundo quente e especiado. Uma fragr\u00e2ncia sofisticada que transmite confian\u00e7a, for\u00e7a e presen\u00e7a.<\/p>\n<p>Seu equil\u00edbrio entre notas frescas, adocicadas e amadeiradas cria um perfume marcante, ideal para homens que apreciam fragr\u00e2ncias com personalidade.<\/p>\n<p>&nbsp;<\/p>\n<p><strong>Notas Olfativas <\/strong><\/p>\n<ul>\n<li><strong>Notas de Sa\u00edda:<\/strong> Bergamota, Ma\u00e7\u00e3, Lavanda<\/li>\n<li><strong>Notas de cora\u00e7\u00e3o:<\/strong> Ger\u00e2nio, Jasmim, Violeta<\/li>\n<li><strong>Notas de fundo:<\/strong> Baunilha, Pimenta, Madeiras, Patchouli<\/li>\n<\/ul>\n<p>&nbsp;<\/p>\n<p><strong>Tamanho <\/strong>30ml<br \/>\n<strong>Inspira\u00e7\u00e3o:<\/strong> Layton \u2013 Parfums de Marly<\/p>","protected":false},"excerpt":{"rendered":"<p>Perfeito para noites especiais, encontros marcantes e eventos sociais.<\/p>","protected":false},"featured_media":8552,"comment_status":"open","ping_status":"closed","template":"","meta":{"_eb_attr":""},"product_cat":[44,42,61],"product_tag":[],"class_list":{"0":"post-8551","1":"product","2":"type-product","3":"status-publish","4":"has-post-thumbnail","6":"product_cat-for-him","7":"product_cat-parfum","8":"product_cat-petit-line","10":"first","11":"instock","12":"shipping-taxable","13":"product-type-simple","14":"add-to-wishlist-after_add_to_cart"},"jetpack_sharing_enabled":true,"_links":{"self":[{"href":"https:\/\/lovecollectionperfumes.com\/pt\/wp-json\/wp\/v2\/product\/8551","targetHints":{"allow":["GET"]}}],"collection":[{"href":"https:\/\/lovecollectionperfumes.com\/pt\/wp-json\/wp\/v2\/product"}],"about":[{"href":"https:\/\/lovecollectionperfumes.com\/pt\/wp-json\/wp\/v2\/types\/product"}],"replies":[{"embeddable":true,"href":"https:\/\/lovecollectionperfumes.com\/pt\/wp-json\/wp\/v2\/comments?post=8551"}],"wp:featuredmedia":[{"embeddable":true,"href":"https:\/\/lovecollectionperfumes.com\/pt\/wp-json\/wp\/v2\/media\/8552"}],"wp:attachment":[{"href":"https:\/\/lovecollectionperfumes.com\/pt\/wp-json\/wp\/v2\/media?parent=8551"}],"wp:term":[{"taxonomy":"product_cat","embeddable":true,"href":"https:\/\/lovecollectionperfumes.com\/pt\/wp-json\/wp\/v2\/product_cat?post=8551"},{"taxonomy":"product_tag","embeddable":true,"href":"https:\/\/lovecollectionperfumes.com\/pt\/wp-json\/wp\/v2\/product_tag?post=8551"}],"curies":[{"name":"wp","href":"https:\/\/api.w.org\/{rel}","templated":true}]}}